{"id":15774,"date":"2025-06-30T11:47:34","date_gmt":"2025-06-30T11:47:34","guid":{"rendered":"https:\/\/www.jftcomunicacion.es\/?page_id=15774"},"modified":"2025-06-30T11:48:19","modified_gmt":"2025-06-30T11:48:19","slug":"politica-de-privacidad-para-usuarios-de-redes-sociales-de-jft-comunicacion","status":"publish","type":"page","link":"https:\/\/www.jftcomunicacion.es\/es\/politica-de-privacidad-para-usuarios-de-redes-sociales-de-jft-comunicacion\/","title":{"rendered":"Pol\u00edtica de privacidad para usuarios de redes sociales de JFT Comunicaci\u00f3n"},"content":{"rendered":"\n<div class=\"wp-block-group pgroup\"><div class=\"wp-block-group__inner-container is-layout-constrained wp-block-group-is-layout-constrained\">\n<p>Estimado Usuario, se le informa que el tratamiento de los datos personales que usted ha aportado al usar nuestras redes sociales se rige por el Reglamento de la UE 2016\/679 del Parlamento Europeo y del Consejo, de 27 de abril de 2016 relativo a la protecci\u00f3n de personas f\u00edsicas en lo que respecta al tratamiento de datos personales y a la libre circulaci\u00f3n de estos datos (en adelante RGPD).<\/p>\n\n\n\n<p><strong>Al usted aceptar la pol\u00edtica de privacidad de la red social en cuesti\u00f3n y tener un v\u00ednculo autorizado o solicitado con <\/strong><strong>JFT COMUNICACION<\/strong><strong>, est\u00e1 consintiendo el tratamiento de sus datos personales en redes sociales en los siguientes t\u00e9rminos, que debe leer previamente a la aceptaci\u00f3n para saber y consentir de forma real y eficiente el tratamiento de sus datos.<\/strong><\/p>\n\n\n\n<p><strong>Esta pol\u00edtica de privacidad es de aplicaci\u00f3n para las redes sociales de <\/strong><strong>JFT COMUNICACI\u00d3N.<\/strong><\/p>\n\n\n\n<p>El tratamiento de datos es en base a los siguientes t\u00e9rminos:<\/p>\n\n\n\n<ol class=\"wp-block-list\">\n<li><strong>Identificaci\u00f3n<\/strong><\/li>\n<\/ol>\n\n\n\n<p>Que estos datos personales son responsabilidad de JUAN JOSE FUENTES TABARES, S.L.U., con n\u00fam. de N.I.F. B38722898 direcci\u00f3n en Puerto Escondido, 3, 1\u00ba, 38002 Santa Cruz de Tenerife. Sus datos de contacto son el tel\u00e9fono 922508800 y la direcci\u00f3n de correo electr\u00f3nico <a href=\"mailto:protecciondatos@jftcomunicacion.es\">protecciondatos@jftcomunicacion.es<\/a>. (En adelante JFT Comunicaci\u00f3n).<\/p>\n\n\n\n<ol start=\"2\" class=\"wp-block-list\">\n<li><strong>Tipos de datos<\/strong><\/li>\n<\/ol>\n\n\n\n<p>JFT COMUNICACION no almacena datos personales de usted fuera de la red social en cuesti\u00f3n; por tanto, no extrae datos personales de \u00e9stas. \u00danicamente tiene acceso a los datos personales que usted publica en sus redes sociales, como pueden ser nombre, apodo, fotos, u otros datos que publica en su perfil; adem\u00e1s de los datos que se faciliten al recibir y mandar mensajes por la red social.<\/p>\n\n\n\n<ol start=\"3\" class=\"wp-block-list\">\n<li><strong>Finalidad<\/strong><\/li>\n<\/ol>\n\n\n\n<p>Estos datos se utilizan \u00fanicamente para gestionar el uso normal de las Redes Sociales, pudiendo contestar p\u00fablica o privadamente a los Usuarios, compartir alg\u00fan mensaje, mediante las herramientas que tiene a su disposici\u00f3n la propia red social en cuesti\u00f3n.<\/p>\n\n\n\n<ol start=\"4\" class=\"wp-block-list\">\n<li><strong>Conservaci\u00f3n<\/strong><\/li>\n<\/ol>\n\n\n\n<p>Los datos se conservar\u00e1n en la red social, mientras haya alg\u00fan tipo de relaci\u00f3n entre ambas, es decir, que haya alg\u00fan tipo de mensajer\u00eda o que se sigan de alg\u00fan modo; se compartan fotograf\u00edas, videos, etc.<\/p>\n\n\n\n<ol start=\"5\" class=\"wp-block-list\">\n<li><strong>Base Jur\u00eddica<\/strong><\/li>\n<\/ol>\n\n\n\n<p>La base jur\u00eddica del tratamiento es el consentimiento otorgado por usted, por medio de la aceptaci\u00f3n de las condiciones de la propia red social y de acuerdo con el v\u00ednculo en redes sociales tenga con el responsable de tratamiento, ya sea, que haya autorizado o que se haya puesto en contacto con nosotros. Usted tiene derecho a retirar este consentimiento en cualquier momento, poni\u00e9ndose en contacto con nosotros.<\/p>\n\n\n\n<ol start=\"6\" class=\"wp-block-list\">\n<li><strong>Comunicaci\u00f3n de datos<\/strong><\/li>\n<\/ol>\n\n\n\n<p>Los datos tratados no se extraen de la red social, por tanto, no se comunican a terceros. Pero es importante, que tengan en cuenta que los datos personales si se alojan en la red social en cuesti\u00f3n. Por tanto, debe leerse y estudiarse la pol\u00edtica de privacidad de la red social en cuesti\u00f3n. Salvo, claramente, lo indicado en el punto anterior.<\/p>\n\n\n\n<ol start=\"7\" class=\"wp-block-list\">\n<li><strong>Transferencia Internacional de Datos<\/strong><\/li>\n<\/ol>\n\n\n\n<p>El responsable del fichero no tiene la intenci\u00f3n de transferir datos personales a un tercer pa\u00eds, porque no extrae datos personales de la misma, pero en consonancia con el resto de este documento, la red social seguramente si transfiera datos personales; as\u00ed que debe estudiar su pol\u00edtica de privacidad.<\/p>\n\n\n\n<ol start=\"8\" class=\"wp-block-list\">\n<li><strong>Ejercicio de Derechos<\/strong><\/li>\n<\/ol>\n\n\n\n<p>Usted tiene los derechos de solicitar el acceso a los datos personales que sobre usted tiene el responsable; a solicitar su rectificaci\u00f3n o supresi\u00f3n; a solicitar la limitaci\u00f3n de su tratamiento; y a la portabilidad de los datos. Esto se har\u00e1 de forma escrita, junto con fotocopia del DNI, a la direcci\u00f3n Puerto Escondido, 3, 1\u00ba, 38002 Santa Cruz de Tenerife. Tambi\u00e9n se podr\u00e1 hacer poni\u00e9ndose en contacto con el responsable para que le mande un formulario previo para hacerlo. Usted puede presentar ante la AEPD una reclamaci\u00f3n si no se ha obtenido satisfacci\u00f3n en el ejercicio de sus derechos.<\/p>\n\n\n\n<p>Pese a todo esto, normalmente, JFT COMUNICACION no extrae los datos de los Usuarios de las Redes Sociales, por lo tanto, habr\u00e1 ciertos derechos de los mencionados que no se podr\u00e1n atender.<\/p>\n\n\n\n<ol start=\"9\" class=\"wp-block-list\">\n<li><strong>Derecho de reclamaci\u00f3n<\/strong><\/li>\n<\/ol>\n\n\n\n<p>Usted tiene el derecho a presentar una reclamaci\u00f3n ante una autoridad de control por incumplimiento de la normativa aplicable en protecci\u00f3n de datos.<\/p>\n\n\n\n<ol start=\"10\" class=\"wp-block-list\">\n<li><strong>Exenci\u00f3n de responsabilidad<\/strong><\/li>\n<\/ol>\n\n\n\n<p>JFT COMUNICACION no es responsable ni de las herramientas ni de las pol\u00edticas de la red social; ni tampoco de los usos que hagan terceros sobre las mismas ni del incumplimiento en materia de protecci\u00f3n de datos; por tanto, cualquier conducta de este tipo no ser\u00e1 responsable JFT COMUNICACION y se tendr\u00e1 que reclamar lo que estime oportuno ante la red social o incluso ante el tercero que haya realizado la conducta que vulnere sus derechos.<\/p>\n\n\n\n<p>Tampoco es responsable de la participaci\u00f3n de menores de edad o de menores que no tengan la edad permitida para el uso de las redes sociales seg\u00fan las normas aplicables.<\/p>\n<\/div><\/div>\n","protected":false},"excerpt":{"rendered":"<p>Estimado Usuario, se le informa que el tratamiento de los datos personales que usted ha aportado al usar&#8230;<\/p>\n","protected":false},"author":1,"featured_media":0,"parent":0,"menu_order":0,"comment_status":"closed","ping_status":"closed","template":"","meta":{"_acf_changed":false,"footnotes":""},"class_list":["post-15774","page","type-page","status-publish","hentry"],"acf":[],"featured_image_src":null,"yoast_head":"<!-- This site is optimized with the Yoast SEO plugin v25.9 - https:\/\/yoast.com\/wordpress\/plugins\/seo\/ -->\n<title>Pol\u00edtica de privacidad para usuarios de redes sociales de JFT Comunicaci\u00f3n - Agencia de Publicidad JFT Comunicaci\u00f3n<\/title>\n<meta name=\"robots\" content=\"index, follow, max-snippet:-1, max-image-preview:large, max-video-preview:-1\" \/>\n<link rel=\"canonical\" href=\"https:\/\/www.jftcomunicacion.es\/es\/politica-de-privacidad-para-usuarios-de-redes-sociales-de-jft-comunicacion\/\" \/>\n<meta property=\"og:locale\" content=\"es_ES\" \/>\n<meta property=\"og:type\" content=\"article\" \/>\n<meta property=\"og:title\" content=\"Pol\u00edtica de privacidad para usuarios de redes sociales de JFT Comunicaci\u00f3n - Agencia de Publicidad JFT Comunicaci\u00f3n\" \/>\n<meta property=\"og:description\" content=\"Estimado Usuario, se le informa que el tratamiento de los datos personales que usted ha aportado al usar...\" \/>\n<meta property=\"og:url\" content=\"https:\/\/www.jftcomunicacion.es\/es\/politica-de-privacidad-para-usuarios-de-redes-sociales-de-jft-comunicacion\/\" \/>\n<meta property=\"og:site_name\" content=\"Agencia de Publicidad JFT Comunicaci\u00f3n\" \/>\n<meta property=\"article:publisher\" content=\"https:\/\/www.facebook.com\/JFTComunicacion\" \/>\n<meta property=\"article:modified_time\" content=\"2025-06-30T11:48:19+00:00\" \/>\n<meta property=\"og:image\" content=\"https:\/\/www.jftcomunicacion.es\/wp-content\/uploads\/2019\/12\/logo_jftcomunicacion-e1577624338378.png\" \/>\n\t<meta property=\"og:image:width\" content=\"280\" \/>\n\t<meta property=\"og:image:height\" content=\"168\" \/>\n\t<meta property=\"og:image:type\" content=\"image\/png\" \/>\n<meta name=\"twitter:card\" content=\"summary_large_image\" \/>\n<meta name=\"twitter:label1\" content=\"Tiempo de lectura\" \/>\n\t<meta name=\"twitter:data1\" content=\"4 minutos\" \/>\n<script type=\"application\/ld+json\" class=\"yoast-schema-graph\">{\"@context\":\"https:\/\/schema.org\",\"@graph\":[{\"@type\":\"WebPage\",\"@id\":\"https:\/\/www.jftcomunicacion.es\/es\/politica-de-privacidad-para-usuarios-de-redes-sociales-de-jft-comunicacion\/\",\"url\":\"https:\/\/www.jftcomunicacion.es\/es\/politica-de-privacidad-para-usuarios-de-redes-sociales-de-jft-comunicacion\/\",\"name\":\"Pol\u00edtica de privacidad para usuarios de redes sociales de JFT Comunicaci\u00f3n - Agencia de Publicidad JFT Comunicaci\u00f3n\",\"isPartOf\":{\"@id\":\"https:\/\/www.jftcomunicacion.es\/es\/#website\"},\"datePublished\":\"2025-06-30T11:47:34+00:00\",\"dateModified\":\"2025-06-30T11:48:19+00:00\",\"breadcrumb\":{\"@id\":\"https:\/\/www.jftcomunicacion.es\/es\/politica-de-privacidad-para-usuarios-de-redes-sociales-de-jft-comunicacion\/#breadcrumb\"},\"inLanguage\":\"es\",\"potentialAction\":[{\"@type\":\"ReadAction\",\"target\":[\"https:\/\/www.jftcomunicacion.es\/es\/politica-de-privacidad-para-usuarios-de-redes-sociales-de-jft-comunicacion\/\"]}]},{\"@type\":\"BreadcrumbList\",\"@id\":\"https:\/\/www.jftcomunicacion.es\/es\/politica-de-privacidad-para-usuarios-de-redes-sociales-de-jft-comunicacion\/#breadcrumb\",\"itemListElement\":[{\"@type\":\"ListItem\",\"position\":1,\"name\":\"Portada\",\"item\":\"https:\/\/www.jftcomunicacion.es\/es\/\"},{\"@type\":\"ListItem\",\"position\":2,\"name\":\"Pol\u00edtica de privacidad para usuarios de redes sociales de JFT Comunicaci\u00f3n\"}]},{\"@type\":\"WebSite\",\"@id\":\"https:\/\/www.jftcomunicacion.es\/es\/#website\",\"url\":\"https:\/\/www.jftcomunicacion.es\/es\/\",\"name\":\"JFT Comunicaci\u00f3n\",\"description\":\"Agencia de Publicidad y Marketing Digital\",\"publisher\":{\"@id\":\"https:\/\/www.jftcomunicacion.es\/es\/#organization\"},\"alternateName\":\"Agencia de Publicidad JFT Comunicaci\u00f3n\",\"potentialAction\":[{\"@type\":\"SearchAction\",\"target\":{\"@type\":\"EntryPoint\",\"urlTemplate\":\"https:\/\/www.jftcomunicacion.es\/es\/?s={search_term_string}\"},\"query-input\":{\"@type\":\"PropertyValueSpecification\",\"valueRequired\":true,\"valueName\":\"search_term_string\"}}],\"inLanguage\":\"es\"},{\"@type\":\"Organization\",\"@id\":\"https:\/\/www.jftcomunicacion.es\/es\/#organization\",\"name\":\"JFT Comunicaci\u00f3n\",\"alternateName\":\"Agencia de Publicidad en Canarias\",\"url\":\"https:\/\/www.jftcomunicacion.es\/es\/\",\"logo\":{\"@type\":\"ImageObject\",\"inLanguage\":\"es\",\"@id\":\"https:\/\/www.jftcomunicacion.es\/es\/#\/schema\/logo\/image\/\",\"url\":\"https:\/\/www.jftcomunicacion.es\/wp-content\/uploads\/2019\/12\/logo_jftcomunicacion-e1577624338378.png\",\"contentUrl\":\"https:\/\/www.jftcomunicacion.es\/wp-content\/uploads\/2019\/12\/logo_jftcomunicacion-e1577624338378.png\",\"width\":280,\"height\":168,\"caption\":\"JFT Comunicaci\u00f3n\"},\"image\":{\"@id\":\"https:\/\/www.jftcomunicacion.es\/es\/#\/schema\/logo\/image\/\"},\"sameAs\":[\"https:\/\/www.facebook.com\/JFTComunicacion\",\"https:\/\/www.instagram.com\/jftcomunicacion\/\",\"https:\/\/www.linkedin.com\/company\/jft-comunicacin\/\"]}]}<\/script>\n<!-- \/ Yoast SEO plugin. -->","yoast_head_json":{"title":"Pol\u00edtica de privacidad para usuarios de redes sociales de JFT Comunicaci\u00f3n - Agencia de Publicidad JFT Comunicaci\u00f3n","robots":{"index":"index","follow":"follow","max-snippet":"max-snippet:-1","max-image-preview":"max-image-preview:large","max-video-preview":"max-video-preview:-1"},"canonical":"https:\/\/www.jftcomunicacion.es\/es\/politica-de-privacidad-para-usuarios-de-redes-sociales-de-jft-comunicacion\/","og_locale":"es_ES","og_type":"article","og_title":"Pol\u00edtica de privacidad para usuarios de redes sociales de JFT Comunicaci\u00f3n - Agencia de Publicidad JFT Comunicaci\u00f3n","og_description":"Estimado Usuario, se le informa que el tratamiento de los datos personales que usted ha aportado al usar...","og_url":"https:\/\/www.jftcomunicacion.es\/es\/politica-de-privacidad-para-usuarios-de-redes-sociales-de-jft-comunicacion\/","og_site_name":"Agencia de Publicidad JFT Comunicaci\u00f3n","article_publisher":"https:\/\/www.facebook.com\/JFTComunicacion","article_modified_time":"2025-06-30T11:48:19+00:00","og_image":[{"width":280,"height":168,"url":"https:\/\/www.jftcomunicacion.es\/wp-content\/uploads\/2019\/12\/logo_jftcomunicacion-e1577624338378.png","type":"image\/png"}],"twitter_card":"summary_large_image","twitter_misc":{"Tiempo de lectura":"4 minutos"},"schema":{"@context":"https:\/\/schema.org","@graph":[{"@type":"WebPage","@id":"https:\/\/www.jftcomunicacion.es\/es\/politica-de-privacidad-para-usuarios-de-redes-sociales-de-jft-comunicacion\/","url":"https:\/\/www.jftcomunicacion.es\/es\/politica-de-privacidad-para-usuarios-de-redes-sociales-de-jft-comunicacion\/","name":"Pol\u00edtica de privacidad para usuarios de redes sociales de JFT Comunicaci\u00f3n - Agencia de Publicidad JFT Comunicaci\u00f3n","isPartOf":{"@id":"https:\/\/www.jftcomunicacion.es\/es\/#website"},"datePublished":"2025-06-30T11:47:34+00:00","dateModified":"2025-06-30T11:48:19+00:00","breadcrumb":{"@id":"https:\/\/www.jftcomunicacion.es\/es\/politica-de-privacidad-para-usuarios-de-redes-sociales-de-jft-comunicacion\/#breadcrumb"},"inLanguage":"es","potentialAction":[{"@type":"ReadAction","target":["https:\/\/www.jftcomunicacion.es\/es\/politica-de-privacidad-para-usuarios-de-redes-sociales-de-jft-comunicacion\/"]}]},{"@type":"BreadcrumbList","@id":"https:\/\/www.jftcomunicacion.es\/es\/politica-de-privacidad-para-usuarios-de-redes-sociales-de-jft-comunicacion\/#breadcrumb","itemListElement":[{"@type":"ListItem","position":1,"name":"Portada","item":"https:\/\/www.jftcomunicacion.es\/es\/"},{"@type":"ListItem","position":2,"name":"Pol\u00edtica de privacidad para usuarios de redes sociales de JFT Comunicaci\u00f3n"}]},{"@type":"WebSite","@id":"https:\/\/www.jftcomunicacion.es\/es\/#website","url":"https:\/\/www.jftcomunicacion.es\/es\/","name":"JFT Comunicaci\u00f3n","description":"Agencia de Publicidad y Marketing Digital","publisher":{"@id":"https:\/\/www.jftcomunicacion.es\/es\/#organization"},"alternateName":"Agencia de Publicidad JFT Comunicaci\u00f3n","potentialAction":[{"@type":"SearchAction","target":{"@type":"EntryPoint","urlTemplate":"https:\/\/www.jftcomunicacion.es\/es\/?s={search_term_string}"},"query-input":{"@type":"PropertyValueSpecification","valueRequired":true,"valueName":"search_term_string"}}],"inLanguage":"es"},{"@type":"Organization","@id":"https:\/\/www.jftcomunicacion.es\/es\/#organization","name":"JFT Comunicaci\u00f3n","alternateName":"Agencia de Publicidad en Canarias","url":"https:\/\/www.jftcomunicacion.es\/es\/","logo":{"@type":"ImageObject","inLanguage":"es","@id":"https:\/\/www.jftcomunicacion.es\/es\/#\/schema\/logo\/image\/","url":"https:\/\/www.jftcomunicacion.es\/wp-content\/uploads\/2019\/12\/logo_jftcomunicacion-e1577624338378.png","contentUrl":"https:\/\/www.jftcomunicacion.es\/wp-content\/uploads\/2019\/12\/logo_jftcomunicacion-e1577624338378.png","width":280,"height":168,"caption":"JFT Comunicaci\u00f3n"},"image":{"@id":"https:\/\/www.jftcomunicacion.es\/es\/#\/schema\/logo\/image\/"},"sameAs":["https:\/\/www.facebook.com\/JFTComunicacion","https:\/\/www.instagram.com\/jftcomunicacion\/","https:\/\/www.linkedin.com\/company\/jft-comunicacin\/"]}]}},"_links":{"self":[{"href":"https:\/\/www.jftcomunicacion.es\/es\/wp-json\/wp\/v2\/pages\/15774","targetHints":{"allow":["GET"]}}],"collection":[{"href":"https:\/\/www.jftcomunicacion.es\/es\/wp-json\/wp\/v2\/pages"}],"about":[{"href":"https:\/\/www.jftcomunicacion.es\/es\/wp-json\/wp\/v2\/types\/page"}],"author":[{"embeddable":true,"href":"https:\/\/www.jftcomunicacion.es\/es\/wp-json\/wp\/v2\/users\/1"}],"replies":[{"embeddable":true,"href":"https:\/\/www.jftcomunicacion.es\/es\/wp-json\/wp\/v2\/comments?post=15774"}],"version-history":[{"count":2,"href":"https:\/\/www.jftcomunicacion.es\/es\/wp-json\/wp\/v2\/pages\/15774\/revisions"}],"predecessor-version":[{"id":15776,"href":"https:\/\/www.jftcomunicacion.es\/es\/wp-json\/wp\/v2\/pages\/15774\/revisions\/15776"}],"wp:attachment":[{"href":"https:\/\/www.jftcomunicacion.es\/es\/wp-json\/wp\/v2\/media?parent=15774"}],"curies":[{"name":"wp","href":"https:\/\/api.w.org\/{rel}","templated":true}]}}