{"id":1297,"date":"2020-01-22T10:46:40","date_gmt":"2020-01-22T10:46:40","guid":{"rendered":"http:\/\/2020.jftcomunicacion.es\/?page_id=1297"},"modified":"2025-01-13T10:03:36","modified_gmt":"2025-01-13T10:03:36","slug":"proteccion-de-datos","status":"publish","type":"page","link":"https:\/\/www.jftcomunicacion.es\/es\/proteccion-de-datos\/","title":{"rendered":"Protecci\u00f3n de datos"},"content":{"rendered":"\n<p>Estimado Usuario, se le informa de que el tratamiento de los datos personales que usted ha aportado se rige por el Reglamento de la UE 2016\/679 del Parlamento Europeo y del Consejo, de 27 de abril de 2016 relativo a la protecci\u00f3n de personas f\u00edsicas en lo que respecta al tratamiento de datos personales y a la libre circulaci\u00f3n de estos datos (en adelante RGPD).<\/p>\n\n\n\n<p>Al usted aceptar la politica de privacidad est\u00e1 consintiendo el tratamiento de sus datos personales en los siguientes t\u00e9rminos, que debe leer previamente a la aceptaci\u00f3n para saber y consentir de forma real y eficiente el tratamiento de sus datos.<\/p>\n\n\n\n<p>Esta pol\u00edtica de privacidad es de aplicaci\u00f3n para el sitio web <a href=\"https:\/\/www.jftcomunicacion.es\">https:\/\/www.jftcomunicacion.es<\/a><\/p>\n\n\n\n<p>El tratamiento de datos es en base a los siguientes t\u00e9rminos, que a continuaci\u00f3n se le informa, que usted consiente al marcar las casillas de aceptaci\u00f3n correspondientes:<\/p>\n\n\n\n<h2 class=\"wp-block-heading\">Responsable<\/h2>\n\n\n\n<p><strong>Identidad<\/strong> JUAN JOS\u00c9 FUENTES TABARES, S.L.U. &#8211; CIF: B38722898<\/p>\n\n\n\n<p><strong>Domicilio<\/strong>: CL. Puerto Escondido, 3-1\u00ba, 38002 Santa Cruz de Tenerife.<\/p>\n\n\n\n<p><strong>Tel\u00e9fono<\/strong>: 922508800<\/p>\n\n\n\n<p><strong>Correo electr\u00f3nico<\/strong>: protecciondatos@jftcomunicacion.es<\/p>\n\n\n\n<p><strong>Delegado de Protecci\u00f3n de datos<\/strong>: No tiene<\/p>\n\n\n\n<h2 class=\"wp-block-heading\"><strong>Tipos de datos<\/strong><\/h2>\n\n\n\n<p>Esta web almacena por un lado las cookies que se rigen por un documento especifico, y los datos personales aportados por usted al rellenar diferentes formularios de esta web.<\/p>\n\n\n\n<p><strong>\u00bfCon que finalidad tratamos sus datos personales?<\/strong><\/p>\n\n\n\n<p>Los datos personales que nos facilitan ser\u00e1n tratados con diferentes finalidades seg\u00fan donde los haya rellenado en la p\u00e1gina web:<\/p>\n\n\n\n<p>&#8211; Ser\u00e1 con fines de responder al \u201ccont\u00e1ctanos\u00bb, facilitarle la informaci\u00f3n solicitada e incluso presupuestar los servicios solicitados.&nbsp;<\/p>\n\n\n\n<p>&#8211; Ser\u00e1 con fines de tenerle en cuenta en futuros procesos de selecci\u00f3n de empleados, si facilito los datos en \u201c\u00danete a nosotros\u201d.&nbsp;<\/p>\n\n\n\n<p><strong>\u00bfPor cu\u00e1nto tiempo conservamos sus datos?<\/strong><\/p>\n\n\n\n<p>Los datos personales proporcionados los conservamos mientras el curriculum del candidato pueda ser tenido en cuenta en futuros procesos de selecci\u00f3n por el plazo m\u00e1ximo de un a\u00f1o. El resto de datos personales se conservar\u00e1n el tiempo m\u00ednimo necesario<\/p>\n\n\n\n<h2 class=\"wp-block-heading\">Legitimaci\u00f3n<\/h2>\n\n\n\n<p><strong>\u00bfCu\u00e1l es la legitimaci\u00f3n para el tratamiento de sus datos?<\/strong><\/p>\n\n\n\n<p>La base legal para el tratamiento de sus datos es su consentimiento.<\/p>\n\n\n\n<h2 class=\"wp-block-heading\">Destinatarios<\/h2>\n\n\n\n<p><strong>\u00bfA qu\u00e9 destinatarios se comunicar\u00e1n sus datos?<\/strong><\/p>\n\n\n\n<p>No se ceder\u00e1n los datos a terceros salvo obligaci\u00f3n legal.<\/p>\n\n\n\n<h2 class=\"wp-block-heading\">Derechos<\/h2>\n\n\n\n<p><strong>\u00bfCu\u00e1les son sus derechos cuando nos facilita sus datos?<\/strong><\/p>\n\n\n\n<ul class=\"wp-block-list\"><li>Cualquier persona tiene derecho a obtener del responsable, confirmaci\u00f3n de si se est\u00e1n tratando o no datos personales que le conciernen. Las personas interesadas tienen derecho a acceder a sus datos personales, a la rectificaci\u00f3n de los datos personales inexactos, a completar los datos personales que sean incompletos. A solicitar en su caso la supresi\u00f3n cuando, entre otros motivos, los datos personales ya no sean necesarios en relaci\u00f3n con los fines para los que fueron recogidos o retire el consentimiento para el tratamiento y este no pueda basarse en otro fundamento jur\u00eddico.<\/li><li>En determinadas circunstancias, los interesados podr\u00e1n solicitar la limitaci\u00f3n del tratamiento de sus datos, en cuyo caso s\u00f3lo los conservaremos para el ejercicio o la defensa de reclamaciones.<\/li><li>El interesado, en determinadas circunstancias, tiene derecho a la portabilidad de los datos, es decir, a recibir los datos personales que tenemos para que el interesado lo pueda entregar a otro responsable.<\/li><li>En determinadas circunstancias y por motivos relacionados con su situaci\u00f3n particular, los interesados podr\u00e1n oponerse al tratamiento de sus datos. El responsable dejar\u00e1 de tratar los datos, salvo por motivos leg\u00edtimos imperiosos, o el ejercicio o la defensa de posibles reclamaciones.<\/li><li>El interesado tiene derecho a retirar el consentimiento en cualquier momento.<\/li><li>El interesado tiene derecho a presentar una reclamaci\u00f3n ante una autoridad de control.<\/li><\/ul>\n\n\n\n<p><br><strong>\u00bfComo ejercitar su derechos ante el Responsable?<\/strong><\/p>\n\n\n\n<p>Para ejercitar sus derechos puede ponerse en contacto con el responsable al correo protecciondatos@jftcomunicacion.es, o mediante correo ordinario al domicilio del responsable. Acompa\u00f1e siempre documentaci\u00f3n acreditativa de su identidad como el DNI. El ejercicio de estos derechos es gratuito.<\/p>\n\n\n\n<h2 class=\"wp-block-heading\">Informaci\u00f3n adicional<\/h2>\n\n\n\n<p><strong>\u00bfC\u00f3mo hemos obtenido sus datos?<\/strong><\/p>\n\n\n\n<p>Los datos han sido obtenidos del interesado o su representante legal.<\/p>\n\n\n\n<p><strong>Las categor\u00edas de datos que se tratan son:<\/strong><\/p>\n\n\n\n<ul class=\"wp-block-list\"><li>De car\u00e1cter identificativo<\/li><li>Caracter\u00edsticas personales<\/li><li>Acad\u00e9micos y profesionales<\/li><li>Datos de Empleo<\/li><\/ul>\n\n\n\n<p>El sistema de tratamiento es automatizado.<\/p>\n\n\n\n<p>No hay prevista transferencia de sus datos fuera de la comunidad econ\u00f3mica europea.<\/p>\n\n\n\n<p>Este sitio web usa cookies y se rigen expresamente por la p\u00f3l\u00edtica de cookies tambi\u00e9n aplicable<\/p>\n","protected":false},"excerpt":{"rendered":"<p>Estimado Usuario, se le informa de que el tratamiento de los datos personales que usted ha aportado se&#8230;<\/p>\n","protected":false},"author":1,"featured_media":0,"parent":0,"menu_order":0,"comment_status":"closed","ping_status":"closed","template":"","meta":{"_acf_changed":false,"footnotes":""},"class_list":["post-1297","page","type-page","status-publish","hentry"],"acf":[],"featured_image_src":null,"yoast_head":"<!-- This site is optimized with the Yoast SEO plugin v25.9 - https:\/\/yoast.com\/wordpress\/plugins\/seo\/ -->\n<title>Protecci\u00f3n de datos - Agencia de Publicidad JFT Comunicaci\u00f3n<\/title>\n<meta name=\"robots\" content=\"noindex, nofollow\" \/>\n<meta property=\"og:locale\" content=\"es_ES\" \/>\n<meta property=\"og:type\" content=\"article\" \/>\n<meta property=\"og:title\" content=\"Protecci\u00f3n de datos - Agencia de Publicidad JFT Comunicaci\u00f3n\" \/>\n<meta property=\"og:description\" content=\"Estimado Usuario, se le informa de que el tratamiento de los datos personales que usted ha aportado se...\" \/>\n<meta property=\"og:url\" content=\"https:\/\/www.jftcomunicacion.es\/es\/proteccion-de-datos\/\" \/>\n<meta property=\"og:site_name\" content=\"Agencia de Publicidad JFT Comunicaci\u00f3n\" \/>\n<meta property=\"article:publisher\" content=\"https:\/\/www.facebook.com\/JFTComunicacion\" \/>\n<meta property=\"article:modified_time\" content=\"2025-01-13T10:03:36+00:00\" \/>\n<meta property=\"og:image\" content=\"https:\/\/www.jftcomunicacion.es\/wp-content\/uploads\/2019\/12\/logo_jftcomunicacion-e1577624338378.png\" \/>\n\t<meta property=\"og:image:width\" content=\"280\" \/>\n\t<meta property=\"og:image:height\" content=\"168\" \/>\n\t<meta property=\"og:image:type\" content=\"image\/png\" \/>\n<meta name=\"twitter:card\" content=\"summary_large_image\" \/>\n<meta name=\"twitter:label1\" content=\"Tiempo de lectura\" \/>\n\t<meta name=\"twitter:data1\" content=\"4 minutos\" \/>\n<script type=\"application\/ld+json\" class=\"yoast-schema-graph\">{\"@context\":\"https:\/\/schema.org\",\"@graph\":[{\"@type\":\"WebPage\",\"@id\":\"https:\/\/www.jftcomunicacion.es\/es\/proteccion-de-datos\/\",\"url\":\"https:\/\/www.jftcomunicacion.es\/es\/proteccion-de-datos\/\",\"name\":\"Protecci\u00f3n de datos - Agencia de Publicidad JFT Comunicaci\u00f3n\",\"isPartOf\":{\"@id\":\"https:\/\/www.jftcomunicacion.es\/es\/#website\"},\"datePublished\":\"2020-01-22T10:46:40+00:00\",\"dateModified\":\"2025-01-13T10:03:36+00:00\",\"breadcrumb\":{\"@id\":\"https:\/\/www.jftcomunicacion.es\/es\/proteccion-de-datos\/#breadcrumb\"},\"inLanguage\":\"es\",\"potentialAction\":[{\"@type\":\"ReadAction\",\"target\":[\"https:\/\/www.jftcomunicacion.es\/es\/proteccion-de-datos\/\"]}]},{\"@type\":\"BreadcrumbList\",\"@id\":\"https:\/\/www.jftcomunicacion.es\/es\/proteccion-de-datos\/#breadcrumb\",\"itemListElement\":[{\"@type\":\"ListItem\",\"position\":1,\"name\":\"Portada\",\"item\":\"https:\/\/www.jftcomunicacion.es\/es\/\"},{\"@type\":\"ListItem\",\"position\":2,\"name\":\"Protecci\u00f3n de datos\"}]},{\"@type\":\"WebSite\",\"@id\":\"https:\/\/www.jftcomunicacion.es\/es\/#website\",\"url\":\"https:\/\/www.jftcomunicacion.es\/es\/\",\"name\":\"JFT Comunicaci\u00f3n\",\"description\":\"Agencia de Publicidad y Marketing Digital\",\"publisher\":{\"@id\":\"https:\/\/www.jftcomunicacion.es\/es\/#organization\"},\"alternateName\":\"Agencia de Publicidad JFT Comunicaci\u00f3n\",\"potentialAction\":[{\"@type\":\"SearchAction\",\"target\":{\"@type\":\"EntryPoint\",\"urlTemplate\":\"https:\/\/www.jftcomunicacion.es\/es\/?s={search_term_string}\"},\"query-input\":{\"@type\":\"PropertyValueSpecification\",\"valueRequired\":true,\"valueName\":\"search_term_string\"}}],\"inLanguage\":\"es\"},{\"@type\":\"Organization\",\"@id\":\"https:\/\/www.jftcomunicacion.es\/es\/#organization\",\"name\":\"JFT Comunicaci\u00f3n\",\"alternateName\":\"Agencia de Publicidad en Canarias\",\"url\":\"https:\/\/www.jftcomunicacion.es\/es\/\",\"logo\":{\"@type\":\"ImageObject\",\"inLanguage\":\"es\",\"@id\":\"https:\/\/www.jftcomunicacion.es\/es\/#\/schema\/logo\/image\/\",\"url\":\"https:\/\/www.jftcomunicacion.es\/wp-content\/uploads\/2019\/12\/logo_jftcomunicacion-e1577624338378.png\",\"contentUrl\":\"https:\/\/www.jftcomunicacion.es\/wp-content\/uploads\/2019\/12\/logo_jftcomunicacion-e1577624338378.png\",\"width\":280,\"height\":168,\"caption\":\"JFT Comunicaci\u00f3n\"},\"image\":{\"@id\":\"https:\/\/www.jftcomunicacion.es\/es\/#\/schema\/logo\/image\/\"},\"sameAs\":[\"https:\/\/www.facebook.com\/JFTComunicacion\",\"https:\/\/www.instagram.com\/jftcomunicacion\/\",\"https:\/\/www.linkedin.com\/company\/jft-comunicacin\/\"]}]}<\/script>\n<!-- \/ Yoast SEO plugin. -->","yoast_head_json":{"title":"Protecci\u00f3n de datos - Agencia de Publicidad JFT Comunicaci\u00f3n","robots":{"index":"noindex","follow":"nofollow"},"og_locale":"es_ES","og_type":"article","og_title":"Protecci\u00f3n de datos - Agencia de Publicidad JFT Comunicaci\u00f3n","og_description":"Estimado Usuario, se le informa de que el tratamiento de los datos personales que usted ha aportado se...","og_url":"https:\/\/www.jftcomunicacion.es\/es\/proteccion-de-datos\/","og_site_name":"Agencia de Publicidad JFT Comunicaci\u00f3n","article_publisher":"https:\/\/www.facebook.com\/JFTComunicacion","article_modified_time":"2025-01-13T10:03:36+00:00","og_image":[{"width":280,"height":168,"url":"https:\/\/www.jftcomunicacion.es\/wp-content\/uploads\/2019\/12\/logo_jftcomunicacion-e1577624338378.png","type":"image\/png"}],"twitter_card":"summary_large_image","twitter_misc":{"Tiempo de lectura":"4 minutos"},"schema":{"@context":"https:\/\/schema.org","@graph":[{"@type":"WebPage","@id":"https:\/\/www.jftcomunicacion.es\/es\/proteccion-de-datos\/","url":"https:\/\/www.jftcomunicacion.es\/es\/proteccion-de-datos\/","name":"Protecci\u00f3n de datos - Agencia de Publicidad JFT Comunicaci\u00f3n","isPartOf":{"@id":"https:\/\/www.jftcomunicacion.es\/es\/#website"},"datePublished":"2020-01-22T10:46:40+00:00","dateModified":"2025-01-13T10:03:36+00:00","breadcrumb":{"@id":"https:\/\/www.jftcomunicacion.es\/es\/proteccion-de-datos\/#breadcrumb"},"inLanguage":"es","potentialAction":[{"@type":"ReadAction","target":["https:\/\/www.jftcomunicacion.es\/es\/proteccion-de-datos\/"]}]},{"@type":"BreadcrumbList","@id":"https:\/\/www.jftcomunicacion.es\/es\/proteccion-de-datos\/#breadcrumb","itemListElement":[{"@type":"ListItem","position":1,"name":"Portada","item":"https:\/\/www.jftcomunicacion.es\/es\/"},{"@type":"ListItem","position":2,"name":"Protecci\u00f3n de datos"}]},{"@type":"WebSite","@id":"https:\/\/www.jftcomunicacion.es\/es\/#website","url":"https:\/\/www.jftcomunicacion.es\/es\/","name":"JFT Comunicaci\u00f3n","description":"Agencia de Publicidad y Marketing Digital","publisher":{"@id":"https:\/\/www.jftcomunicacion.es\/es\/#organization"},"alternateName":"Agencia de Publicidad JFT Comunicaci\u00f3n","potentialAction":[{"@type":"SearchAction","target":{"@type":"EntryPoint","urlTemplate":"https:\/\/www.jftcomunicacion.es\/es\/?s={search_term_string}"},"query-input":{"@type":"PropertyValueSpecification","valueRequired":true,"valueName":"search_term_string"}}],"inLanguage":"es"},{"@type":"Organization","@id":"https:\/\/www.jftcomunicacion.es\/es\/#organization","name":"JFT Comunicaci\u00f3n","alternateName":"Agencia de Publicidad en Canarias","url":"https:\/\/www.jftcomunicacion.es\/es\/","logo":{"@type":"ImageObject","inLanguage":"es","@id":"https:\/\/www.jftcomunicacion.es\/es\/#\/schema\/logo\/image\/","url":"https:\/\/www.jftcomunicacion.es\/wp-content\/uploads\/2019\/12\/logo_jftcomunicacion-e1577624338378.png","contentUrl":"https:\/\/www.jftcomunicacion.es\/wp-content\/uploads\/2019\/12\/logo_jftcomunicacion-e1577624338378.png","width":280,"height":168,"caption":"JFT Comunicaci\u00f3n"},"image":{"@id":"https:\/\/www.jftcomunicacion.es\/es\/#\/schema\/logo\/image\/"},"sameAs":["https:\/\/www.facebook.com\/JFTComunicacion","https:\/\/www.instagram.com\/jftcomunicacion\/","https:\/\/www.linkedin.com\/company\/jft-comunicacin\/"]}]}},"_links":{"self":[{"href":"https:\/\/www.jftcomunicacion.es\/es\/wp-json\/wp\/v2\/pages\/1297","targetHints":{"allow":["GET"]}}],"collection":[{"href":"https:\/\/www.jftcomunicacion.es\/es\/wp-json\/wp\/v2\/pages"}],"about":[{"href":"https:\/\/www.jftcomunicacion.es\/es\/wp-json\/wp\/v2\/types\/page"}],"author":[{"embeddable":true,"href":"https:\/\/www.jftcomunicacion.es\/es\/wp-json\/wp\/v2\/users\/1"}],"replies":[{"embeddable":true,"href":"https:\/\/www.jftcomunicacion.es\/es\/wp-json\/wp\/v2\/comments?post=1297"}],"version-history":[{"count":7,"href":"https:\/\/www.jftcomunicacion.es\/es\/wp-json\/wp\/v2\/pages\/1297\/revisions"}],"predecessor-version":[{"id":11251,"href":"https:\/\/www.jftcomunicacion.es\/es\/wp-json\/wp\/v2\/pages\/1297\/revisions\/11251"}],"wp:attachment":[{"href":"https:\/\/www.jftcomunicacion.es\/es\/wp-json\/wp\/v2\/media?parent=1297"}],"curies":[{"name":"wp","href":"https:\/\/api.w.org\/{rel}","templated":true}]}}