{"id":1354,"date":"2020-01-26T18:31:07","date_gmt":"2020-01-26T18:31:07","guid":{"rendered":"http:\/\/2020.jftcomunicacion.es\/?page_id=1354"},"modified":"2022-09-22T01:12:05","modified_gmt":"2022-09-22T01:12:05","slug":"proteccion-de-datos","status":"publish","type":"page","link":"https:\/\/www.jftcomunicacion.es\/en\/proteccion-de-datos\/","title":{"rendered":"Protecci\u00f3n de datos"},"content":{"rendered":"\n<h1 class=\"wp-block-heading\">Protecci\u00f3n de datos<\/h1>\n\n\n<section class=\"av_textblock_section \">\n<div class=\"avia_textblock  \">\n<p><strong>Informaci\u00f3n b\u00e1sica sobre protecci\u00f3n de datos<\/strong><\/p>\n<ul>\n<li><strong>Responsable:<\/strong>&nbsp;JUAN JOS\u00c9 FUENTES TABARES, S.L.U.&nbsp; +<a href=\"#tab-id-1-container\" data-cke-saved-href=\"#tab-id-1-container\">info<\/a><\/li>\n<li><strong>Finalidad: <\/strong>Gesti\u00f3n de las comunicaciones de los usuarios de la p\u00e1gina web http:\/\/jftcomunicacion.es, con el responsable, efectuadas a trav\u00e9s del formulario de contacto.&nbsp; +<a href=\"#tab-id-2-container\" data-cke-saved-href=\"#tab-id-2-container\">info<\/a><\/li>\n<li><strong>Legitimaci\u00f3n:<\/strong> Su consentimiento +<a href=\"#tab-id-3-container\" data-cke-saved-href=\"#tab-id-3-container\">info<\/a><\/li>\n<li><strong>Destinatarios:&nbsp;<\/strong>No se ceder\u00e1n datos a terceros salvo obligaci\u00f3n legal.&nbsp; +<a href=\"#tab-id-4-container\" rel=\"noopener\" data-cke-saved-href=\"#tab-id-4-container\">info<\/a><\/li>\n<li><strong>Derechos:<\/strong>Acceder, rectificar y suprimir datos, a limitar el tratamiento, a la portabilidad de los datos, oponerse al tratamiento y a no ser objeto de decisiones individuales automatizadas. Puede ejercitarlos enviando un mail a <a href=\"mailto:protecciondatos@jftcomunicacion.es\" data-cke-saved-href=\"mailto:protecciondatos@jftcomunicacion.es\">protecciondatos@jftcomunicacion.es<\/a> &nbsp; +<a href=\"#tab-id-5-container\" data-cke-saved-href=\"#tab-id-5-container\">info<\/a><\/li>\n<li><strong>Informaci\u00f3n adicional<\/strong> + <a href=\"#tab-id-6-container\" data-cke-saved-href=\"#tab-id-6-container\">info<\/a>.<\/li>\n<\/ul>\n<p><strong>Informaci\u00f3n adicional sobre protecci\u00f3n de datos<\/strong><\/p>\n<\/div>\n<\/section>\n<section class=\"av_tab_section\">\n<div class=\"tab fullsize-tab\" data-fake-id=\"#tab-id-1\"><strong style=\"font-size: inherit;\">RESPONSABLE<\/strong><\/div>\n<div id=\"tab-id-1-container\" class=\"tab_content\">\n<div class=\"tab_inner_content invers-color\">\n<p><strong>Identidad<\/strong>: Identidad: JUAN JOS\u00c9 FUENTES TABARES, S.L.U. &#8211; CIF: B38722898<br><strong>Domicilio<\/strong>: CL. Puerto Escondido, 3 1, 38002 Santa Cruz de Tenerife.<br><strong>Tel\u00e9fono<\/strong>: 922508800<br><strong>Correo electr\u00f3nico<\/strong>: <a href=\"mailto:protecciondatos@jftcomunicacion.es\" data-cke-saved-href=\"mailto:protecciondatos@jftcomunicacion.es\">protecciondatos@jftcomunicacion.es<\/a><br><strong>Delegado de Protecci\u00f3n de datos<\/strong>: No tiene<\/p>\n<\/div>\n<\/div>\n<\/section>\n<section class=\"av_tab_section\">\n<div class=\"tab  fullsize-tab active_tab\" data-fake-id=\"#tab-id-2\">&nbsp;<\/div>\n<div id=\"tab-id-2-container\" class=\"tab_content\">\n<div class=\"tab_inner_content invers-color\">\n<p><strong>FINALIDAD<\/strong><\/p>\n<p><strong>\u00bfCon qu\u00e9 finalidad tratamos sus datos personales?<\/strong><\/p>\n<ul>\n<li>Los datos personales de las personas interesadas son tratados para gesti\u00f3n de las comunicaciones de los usuarios de la p\u00e1gina web http:\/\/jftcomunicacion.es, con el responsable, efectuadas a trav\u00e9s del formulario de contacto.<\/li>\n<\/ul>\n<p><strong>\u00bfPor cu\u00e1nto tiempo conservamos sus datos?<\/strong><\/p>\n<ul>\n<li>Los datos personales proporcionados los conservamos el tiempo suficiente para gestionar la comunicaci\u00f3n, plazo m\u00e1ximo tres meses.<\/li>\n<\/ul>\n<\/div>\n<\/div>\n<\/section>\n<section class=\"av_tab_section\">\n<div class=\"tab  fullsize-tab\" data-fake-id=\"#tab-id-3\">&nbsp;<\/div>\n<div id=\"tab-id-3-container\" class=\"tab_content\">\n<div class=\"tab_inner_content invers-color\">\n<p><strong>LEGITIMACI\u00d3N<\/strong><\/p>\n<p><strong>\u00bfCu\u00e1l es la legitimaci\u00f3n para el tratamiento de sus datos?<\/strong><\/p>\n<ul>\n<li>La base legal para el tratamiento de sus datos es su consentimiento.<\/li>\n<\/ul>\n<\/div>\n<\/div>\n<\/section>\n<section class=\"av_tab_section\">\n<div class=\"tab  fullsize-tab\" data-fake-id=\"#tab-id-4\">&nbsp;<\/div>\n<div id=\"tab-id-4-container\" class=\"tab_content\">\n<div class=\"tab_inner_content invers-color\">\n<p><strong>DESTINATARIOS<\/strong><\/p>\n<p><strong>\u00bfA qu\u00e9 destinatarios se comunicar\u00e1n sus datos?<\/strong><\/p>\n<p>Sus datos no van a ser comunicados a terceros salvo obligaci\u00f3n legal.<\/p>\n<\/div>\n<\/div>\n<\/section>\n<section class=\"av_tab_section\">\n<div class=\"tab  fullsize-tab\" data-fake-id=\"#tab-id-5\">&nbsp;<\/div>\n<div id=\"tab-id-5-container\" class=\"tab_content\">\n<div class=\"tab_inner_content invers-color\">\n<p><strong>DERECHOS<\/strong><\/p>\n<p><strong>\u00bfCu\u00e1les son sus derechos cuando nos facilita sus datos?<\/strong><\/p>\n<ul>\n<li>Cualquier persona tiene derecho a obtener de El Responsable confirmaci\u00f3n de si se est\u00e1n tratando o no datos personales que le conciernen.<\/li>\n<li>Las personas interesadas tienen derecho a acceder a sus datos personales, a la rectificaci\u00f3n de los datos personales inexactos, a completar los datos personales que sean incompletos. A solicitar en su caso la supresi\u00f3n cuando, entre otros motivos, los datos personales ya no sean necesarios en relaci\u00f3n con los fines para los que fueron recogidos o retire el consentimiento para el tratamiento y \u00e9ste no pueda basarse en otro fundamento jur\u00eddico.<\/li>\n<li>En determinadas circunstancias los interesados podr\u00e1n solicitar la limitaci\u00f3n del tratamiento de sus datos, en cuyo caso s\u00f3lo los conservaremos para el ejercicio o la defensa de reclamaciones.<\/li>\n<li>El interesado, en determinadas circunstancias, tiene derecho a la portabilidad de los datos, es decir, a recibir los datos personales que tenemos para que el interesado lo pueda entregar a otro responsable.<\/li>\n<li>En determinadas circunstancias y por motivos relacionados con su situaci\u00f3n particular, los interesados podr\u00e1n oponerse al tratamiento de sus datos. El Responsable dejar\u00e1 de tratar los datos, salvo por motivos leg\u00edtimos imperiosos, o el ejercicio o la defensa de posibles reclamaciones.<\/li>\n<li>El interesado tiene derecho a retirar el consentimiento en cualquier momento.<\/li>\n<li>El interesado tiene derecho a presentar una reclamaci\u00f3n ante una autoridad de control.<\/li>\n<\/ul>\n<p>Para ejercitar estos derechos puede dirigirse a la direcci\u00f3n de correo electr\u00f3nico <a href=\"mailto:protecciondatos@jftcomunicacion.es\" data-cke-saved-href=\"mailto:protecciondatos@jftcomunicacion.es\">protecciondatos@jftcomunicacion.es<\/a> se\u00f1alando el derecho que quiere ejercer.<\/p>\n<\/div>\n<\/div>\n<\/section>\n<section class=\"av_tab_section\">\n<div class=\"tab  fullsize-tab\" data-fake-id=\"#tab-id-6\">&nbsp;<\/div>\n<div id=\"tab-id-6-container\" class=\"tab_content\">\n<div class=\"tab_inner_content invers-color\">\n<p><strong>INFORMACI\u00d3N ADICIONAL<\/strong><\/p>\n<p><strong>\u00bfC\u00f3mo hemos obtenido sus datos?<\/strong><\/p>\n<p>Los datos han sido obtenidos del interesado o su representante legal.<\/p>\n<p><strong>Las categor\u00edas de datos que se tratan son:<\/strong><\/p>\n<ul>\n<li>De car\u00e1cter identificativos. Nombre, apellido, correo electr\u00f3nico, tel\u00e9fono.<\/li>\n<\/ul>\n<p>El sistema de tratamiento es de tipo automatizado.<\/p>\n<p>No hay prevista transferencia de sus datos fuera de la comunidad econ\u00f3mica europea.<\/p>\n<\/div>\n<\/div>\n<\/section>","protected":false},"excerpt":{"rendered":"<p>Protecci\u00f3n de datos Informaci\u00f3n b\u00e1sica sobre protecci\u00f3n de datos Responsable:&nbsp;JUAN JOS\u00c9 FUENTES TABARES, S.L.U.&nbsp; +info Finalidad: Gesti\u00f3n de&#8230;<\/p>\n","protected":false},"author":1,"featured_media":0,"parent":0,"menu_order":0,"comment_status":"closed","ping_status":"closed","template":"","meta":{"_acf_changed":false,"footnotes":""},"class_list":["post-1354","page","type-page","status-publish","hentry"],"acf":[],"featured_image_src":null,"yoast_head":"<!-- This site is optimized with the Yoast SEO plugin v25.9 - https:\/\/yoast.com\/wordpress\/plugins\/seo\/ -->\n<title>Protecci\u00f3n de datos - Agencia de Publicidad JFT Comunicaci\u00f3n<\/title>\n<meta name=\"robots\" content=\"noindex, follow\" \/>\n<meta property=\"og:locale\" content=\"en_US\" \/>\n<meta property=\"og:type\" content=\"article\" \/>\n<meta property=\"og:title\" content=\"Protecci\u00f3n de datos - Agencia de Publicidad JFT Comunicaci\u00f3n\" \/>\n<meta property=\"og:description\" content=\"Protecci\u00f3n de datos Informaci\u00f3n b\u00e1sica sobre protecci\u00f3n de datos Responsable:&nbsp;JUAN JOS\u00c9 FUENTES TABARES, S.L.U.&nbsp; +info Finalidad: Gesti\u00f3n de...\" \/>\n<meta property=\"og:url\" content=\"https:\/\/www.jftcomunicacion.es\/en\/proteccion-de-datos\/\" \/>\n<meta property=\"og:site_name\" content=\"Agencia de Publicidad JFT Comunicaci\u00f3n\" \/>\n<meta property=\"article:publisher\" content=\"https:\/\/www.facebook.com\/JFTComunicacion\" \/>\n<meta property=\"article:modified_time\" content=\"2022-09-22T01:12:05+00:00\" \/>\n<meta property=\"og:image\" content=\"https:\/\/www.jftcomunicacion.es\/wp-content\/uploads\/2019\/12\/logo_jftcomunicacion-e1577624338378.png\" \/>\n\t<meta property=\"og:image:width\" content=\"280\" \/>\n\t<meta property=\"og:image:height\" content=\"168\" \/>\n\t<meta property=\"og:image:type\" content=\"image\/png\" \/>\n<meta name=\"twitter:card\" content=\"summary_large_image\" \/>\n<meta name=\"twitter:label1\" content=\"Est. reading time\" \/>\n\t<meta name=\"twitter:data1\" content=\"3 minutes\" \/>\n<script type=\"application\/ld+json\" class=\"yoast-schema-graph\">{\"@context\":\"https:\/\/schema.org\",\"@graph\":[{\"@type\":\"WebPage\",\"@id\":\"https:\/\/www.jftcomunicacion.es\/en\/proteccion-de-datos\/\",\"url\":\"https:\/\/www.jftcomunicacion.es\/en\/proteccion-de-datos\/\",\"name\":\"Protecci\u00f3n de datos - Agencia de Publicidad JFT Comunicaci\u00f3n\",\"isPartOf\":{\"@id\":\"https:\/\/www.jftcomunicacion.es\/en\/#website\"},\"datePublished\":\"2020-01-26T18:31:07+00:00\",\"dateModified\":\"2022-09-22T01:12:05+00:00\",\"breadcrumb\":{\"@id\":\"https:\/\/www.jftcomunicacion.es\/en\/proteccion-de-datos\/#breadcrumb\"},\"inLanguage\":\"en-US\",\"potentialAction\":[{\"@type\":\"ReadAction\",\"target\":[\"https:\/\/www.jftcomunicacion.es\/en\/proteccion-de-datos\/\"]}]},{\"@type\":\"BreadcrumbList\",\"@id\":\"https:\/\/www.jftcomunicacion.es\/en\/proteccion-de-datos\/#breadcrumb\",\"itemListElement\":[{\"@type\":\"ListItem\",\"position\":1,\"name\":\"Portada\",\"item\":\"https:\/\/www.jftcomunicacion.es\/en\/\"},{\"@type\":\"ListItem\",\"position\":2,\"name\":\"Protecci\u00f3n de datos\"}]},{\"@type\":\"WebSite\",\"@id\":\"https:\/\/www.jftcomunicacion.es\/en\/#website\",\"url\":\"https:\/\/www.jftcomunicacion.es\/en\/\",\"name\":\"JFT Comunicaci\u00f3n\",\"description\":\"Agencia de Publicidad y Marketing Digital\",\"publisher\":{\"@id\":\"https:\/\/www.jftcomunicacion.es\/en\/#organization\"},\"alternateName\":\"Agencia de Publicidad JFT Comunicaci\u00f3n\",\"potentialAction\":[{\"@type\":\"SearchAction\",\"target\":{\"@type\":\"EntryPoint\",\"urlTemplate\":\"https:\/\/www.jftcomunicacion.es\/en\/?s={search_term_string}\"},\"query-input\":{\"@type\":\"PropertyValueSpecification\",\"valueRequired\":true,\"valueName\":\"search_term_string\"}}],\"inLanguage\":\"en-US\"},{\"@type\":\"Organization\",\"@id\":\"https:\/\/www.jftcomunicacion.es\/en\/#organization\",\"name\":\"JFT Comunicaci\u00f3n\",\"alternateName\":\"Agencia de Publicidad en Canarias\",\"url\":\"https:\/\/www.jftcomunicacion.es\/en\/\",\"logo\":{\"@type\":\"ImageObject\",\"inLanguage\":\"en-US\",\"@id\":\"https:\/\/www.jftcomunicacion.es\/en\/#\/schema\/logo\/image\/\",\"url\":\"https:\/\/www.jftcomunicacion.es\/wp-content\/uploads\/2019\/12\/logo_jftcomunicacion-e1577624338378.png\",\"contentUrl\":\"https:\/\/www.jftcomunicacion.es\/wp-content\/uploads\/2019\/12\/logo_jftcomunicacion-e1577624338378.png\",\"width\":280,\"height\":168,\"caption\":\"JFT Comunicaci\u00f3n\"},\"image\":{\"@id\":\"https:\/\/www.jftcomunicacion.es\/en\/#\/schema\/logo\/image\/\"},\"sameAs\":[\"https:\/\/www.facebook.com\/JFTComunicacion\",\"https:\/\/www.instagram.com\/jftcomunicacion\/\",\"https:\/\/www.linkedin.com\/company\/jft-comunicacin\/\"]}]}<\/script>\n<!-- \/ Yoast SEO plugin. -->","yoast_head_json":{"title":"Protecci\u00f3n de datos - Agencia de Publicidad JFT Comunicaci\u00f3n","robots":{"index":"noindex","follow":"follow"},"og_locale":"en_US","og_type":"article","og_title":"Protecci\u00f3n de datos - Agencia de Publicidad JFT Comunicaci\u00f3n","og_description":"Protecci\u00f3n de datos Informaci\u00f3n b\u00e1sica sobre protecci\u00f3n de datos Responsable:&nbsp;JUAN JOS\u00c9 FUENTES TABARES, S.L.U.&nbsp; +info Finalidad: Gesti\u00f3n de...","og_url":"https:\/\/www.jftcomunicacion.es\/en\/proteccion-de-datos\/","og_site_name":"Agencia de Publicidad JFT Comunicaci\u00f3n","article_publisher":"https:\/\/www.facebook.com\/JFTComunicacion","article_modified_time":"2022-09-22T01:12:05+00:00","og_image":[{"width":280,"height":168,"url":"https:\/\/www.jftcomunicacion.es\/wp-content\/uploads\/2019\/12\/logo_jftcomunicacion-e1577624338378.png","type":"image\/png"}],"twitter_card":"summary_large_image","twitter_misc":{"Est. reading time":"3 minutes"},"schema":{"@context":"https:\/\/schema.org","@graph":[{"@type":"WebPage","@id":"https:\/\/www.jftcomunicacion.es\/en\/proteccion-de-datos\/","url":"https:\/\/www.jftcomunicacion.es\/en\/proteccion-de-datos\/","name":"Protecci\u00f3n de datos - Agencia de Publicidad JFT Comunicaci\u00f3n","isPartOf":{"@id":"https:\/\/www.jftcomunicacion.es\/en\/#website"},"datePublished":"2020-01-26T18:31:07+00:00","dateModified":"2022-09-22T01:12:05+00:00","breadcrumb":{"@id":"https:\/\/www.jftcomunicacion.es\/en\/proteccion-de-datos\/#breadcrumb"},"inLanguage":"en-US","potentialAction":[{"@type":"ReadAction","target":["https:\/\/www.jftcomunicacion.es\/en\/proteccion-de-datos\/"]}]},{"@type":"BreadcrumbList","@id":"https:\/\/www.jftcomunicacion.es\/en\/proteccion-de-datos\/#breadcrumb","itemListElement":[{"@type":"ListItem","position":1,"name":"Portada","item":"https:\/\/www.jftcomunicacion.es\/en\/"},{"@type":"ListItem","position":2,"name":"Protecci\u00f3n de datos"}]},{"@type":"WebSite","@id":"https:\/\/www.jftcomunicacion.es\/en\/#website","url":"https:\/\/www.jftcomunicacion.es\/en\/","name":"JFT Comunicaci\u00f3n","description":"Agencia de Publicidad y Marketing Digital","publisher":{"@id":"https:\/\/www.jftcomunicacion.es\/en\/#organization"},"alternateName":"Agencia de Publicidad JFT Comunicaci\u00f3n","potentialAction":[{"@type":"SearchAction","target":{"@type":"EntryPoint","urlTemplate":"https:\/\/www.jftcomunicacion.es\/en\/?s={search_term_string}"},"query-input":{"@type":"PropertyValueSpecification","valueRequired":true,"valueName":"search_term_string"}}],"inLanguage":"en-US"},{"@type":"Organization","@id":"https:\/\/www.jftcomunicacion.es\/en\/#organization","name":"JFT Comunicaci\u00f3n","alternateName":"Agencia de Publicidad en Canarias","url":"https:\/\/www.jftcomunicacion.es\/en\/","logo":{"@type":"ImageObject","inLanguage":"en-US","@id":"https:\/\/www.jftcomunicacion.es\/en\/#\/schema\/logo\/image\/","url":"https:\/\/www.jftcomunicacion.es\/wp-content\/uploads\/2019\/12\/logo_jftcomunicacion-e1577624338378.png","contentUrl":"https:\/\/www.jftcomunicacion.es\/wp-content\/uploads\/2019\/12\/logo_jftcomunicacion-e1577624338378.png","width":280,"height":168,"caption":"JFT Comunicaci\u00f3n"},"image":{"@id":"https:\/\/www.jftcomunicacion.es\/en\/#\/schema\/logo\/image\/"},"sameAs":["https:\/\/www.facebook.com\/JFTComunicacion","https:\/\/www.instagram.com\/jftcomunicacion\/","https:\/\/www.linkedin.com\/company\/jft-comunicacin\/"]}]}},"_links":{"self":[{"href":"https:\/\/www.jftcomunicacion.es\/en\/wp-json\/wp\/v2\/pages\/1354","targetHints":{"allow":["GET"]}}],"collection":[{"href":"https:\/\/www.jftcomunicacion.es\/en\/wp-json\/wp\/v2\/pages"}],"about":[{"href":"https:\/\/www.jftcomunicacion.es\/en\/wp-json\/wp\/v2\/types\/page"}],"author":[{"embeddable":true,"href":"https:\/\/www.jftcomunicacion.es\/en\/wp-json\/wp\/v2\/users\/1"}],"replies":[{"embeddable":true,"href":"https:\/\/www.jftcomunicacion.es\/en\/wp-json\/wp\/v2\/comments?post=1354"}],"version-history":[{"count":1,"href":"https:\/\/www.jftcomunicacion.es\/en\/wp-json\/wp\/v2\/pages\/1354\/revisions"}],"predecessor-version":[{"id":1357,"href":"https:\/\/www.jftcomunicacion.es\/en\/wp-json\/wp\/v2\/pages\/1354\/revisions\/1357"}],"wp:attachment":[{"href":"https:\/\/www.jftcomunicacion.es\/en\/wp-json\/wp\/v2\/media?parent=1354"}],"curies":[{"name":"wp","href":"https:\/\/api.w.org\/{rel}","templated":true}]}}