{"id":1351,"date":"2020-01-26T18:45:35","date_gmt":"2020-01-26T18:45:35","guid":{"rendered":"http:\/\/2020.jftcomunicacion.es\/?page_id=1351"},"modified":"2022-09-22T01:15:59","modified_gmt":"2022-09-22T01:15:59","slug":"politica-de-cookies","status":"publish","type":"page","link":"https:\/\/www.jftcomunicacion.es\/en\/politica-de-cookies\/","title":{"rendered":"Pol\u00edtica de Cookies"},"content":{"rendered":"<p>Definici\u00f3n y funci\u00f3n de las cookies<\/p>\n<p>\u00bfQu\u00e9 son las cookies? Una cookie es un fichero que se descarga en su ordenador al acceder a determinadas p\u00e1ginas web. Las cookies permiten a una p\u00e1gina web, entre otras cosas, almacenar y recuperar informaci\u00f3n sobre los h\u00e1bitos de navegaci\u00f3n de un usuario o de su equipo y, dependiendo de la informaci\u00f3n que contengan y de la forma en que utilice su equipo, pueden utilizarse para reconocer al usuario.<\/p>\n<p>\u00bfQu\u00e9 tipos de cookies utiliza esta p\u00e1gina web?<\/p>\n<p>\u2022 Cookies propias: Son aqu\u00e9llas que se env\u00edan al equipo terminal del usuario desde un equipo o dominio gestionado por el propio editor y desde el que se presta el servicio solicitado por el usuario.<\/p>\n<p>\u2022&nbsp;Cookies de tercero: Son aqu\u00e9llas que se env\u00edan al equipo terminal del usuario desde un equipo o dominio que no es gestionado por el editor, sino por otra entidad que trata los datos obtenidos trav\u00e9s de las cookies.<\/p>\n<p>\u2022&nbsp;Cookies de sesi\u00f3n:&nbsp;Son un tipo de cookies dise\u00f1adas para recabar y almacenar datos mientras el usuario accede a una p\u00e1gina web.<\/p>\n<p>\u2022 Cookies persistentes:&nbsp;Son un tipo de cookies en el que los datos siguen almacenados en el terminal y pueden ser accedidos y tratados durante un periodo definido por el responsable de la cookie, y que puede ir de unos minutos a varios a\u00f1os.<\/p>\n<p>\u2022 Cookies de an\u00e1lisis:&nbsp;Son aqu\u00e9llas que bien tratadas por nosotros o por terceros, nos permiten cuantificar el n\u00famero de usuarios y as\u00ed realizar la medici\u00f3n y an\u00e1lisis estad\u00edstico de la utilizaci\u00f3n que hacen los usuarios del servicio ofertado.<\/p>\n<p>Para ello se analiza su navegaci\u00f3n en nuestra p\u00e1gina web con el fin de mejorar la oferta de productos o servicios que le ofrecemos.<\/p>\n<p>\u2022&nbsp;Cookies publicitarias:&nbsp;Son aqu\u00e9llas que permiten la gesti\u00f3n, de la forma m\u00e1s eficaz posible, de los espacios publicitarios que, en su caso, el editor haya incluido en una p\u00e1gina web, aplicaci\u00f3n o plataforma desde la que presta el servicio solicitado en base a criterios como el contenido editado o la frecuencia en la que se muestran los anuncios.<\/p>\n<p>\u2022 Cookies de publicidad comportamental:&nbsp;Son aqu\u00e9llas que permiten la gesti\u00f3n, de la forma m\u00e1s eficaz posible, de los espacios publicitarios que, en su caso, el editor haya incluido en una p\u00e1gina web, aplicaci\u00f3n o plataforma desde la que presta el servicio solicitado. Estas cookies almacenan informaci\u00f3n del comportamiento de los usuarios obtenida a trav\u00e9s de la observaci\u00f3n continuada de sus h\u00e1bitos de navegaci\u00f3n, lo que permite desarrollar un perfil espec\u00edfico para mostrar publicidad en funci\u00f3n del mismo. Asimismo es posible que al visitar alguna pagina web o al abrir alg\u00fan email donde se publique alg\u00fan anuncio o alguna promoci\u00f3n sobre nuestros productos o servicios se instale en tu navegador alguna cookie que nos sirve para mostrarte posteriormente publicidad relacionada con la b\u00fasqueda que hayas realizado, desarrollar un control de nuestros anuncios en relaci\u00f3n, por ejemplo, con el n\u00famero de veces que son&nbsp;vistos, donde aparecen, a qu\u00e9 hora se ven, etc<\/p>\n<p>Revocaci\u00f3n y eliminaci\u00f3n de cookies<\/p>\n<p>Usted puede permitir, bloquear o eliminar las cookies instaladas en su equipo mediante la configuraci\u00f3n de las opciones del navegador instalado en su ordenador, en caso que no permita la instalaci\u00f3n de cookies en su navegador es posible que no pueda acceder a alguna de las secciones de nuestra web.<\/p>\n","protected":false},"excerpt":{"rendered":"<p>Definici\u00f3n y funci\u00f3n de las cookies \u00bfQu\u00e9 son las cookies? Una cookie es un fichero que se descarga&#8230;<\/p>\n","protected":false},"author":1,"featured_media":0,"parent":0,"menu_order":0,"comment_status":"closed","ping_status":"closed","template":"","meta":{"_acf_changed":false,"footnotes":""},"class_list":["post-1351","page","type-page","status-publish","hentry"],"acf":[],"featured_image_src":null,"yoast_head":"<!-- This site is optimized with the Yoast SEO plugin v25.9 - https:\/\/yoast.com\/wordpress\/plugins\/seo\/ -->\n<title>Pol\u00edtica de Cookies - Agencia de Publicidad JFT Comunicaci\u00f3n<\/title>\n<meta name=\"robots\" content=\"noindex, nofollow\" \/>\n<meta property=\"og:locale\" content=\"en_US\" \/>\n<meta property=\"og:type\" content=\"article\" \/>\n<meta property=\"og:title\" content=\"Pol\u00edtica de Cookies - Agencia de Publicidad JFT Comunicaci\u00f3n\" \/>\n<meta property=\"og:description\" content=\"Definici\u00f3n y funci\u00f3n de las cookies \u00bfQu\u00e9 son las cookies? Una cookie es un fichero que se descarga...\" \/>\n<meta property=\"og:url\" content=\"https:\/\/www.jftcomunicacion.es\/en\/politica-de-cookies\/\" \/>\n<meta property=\"og:site_name\" content=\"Agencia de Publicidad JFT Comunicaci\u00f3n\" \/>\n<meta property=\"article:publisher\" content=\"https:\/\/www.facebook.com\/JFTComunicacion\" \/>\n<meta property=\"article:modified_time\" content=\"2022-09-22T01:15:59+00:00\" \/>\n<meta property=\"og:image\" content=\"https:\/\/www.jftcomunicacion.es\/wp-content\/uploads\/2019\/12\/logo_jftcomunicacion-e1577624338378.png\" \/>\n\t<meta property=\"og:image:width\" content=\"280\" \/>\n\t<meta property=\"og:image:height\" content=\"168\" \/>\n\t<meta property=\"og:image:type\" content=\"image\/png\" \/>\n<meta name=\"twitter:card\" content=\"summary_large_image\" \/>\n<meta name=\"twitter:label1\" content=\"Est. reading time\" \/>\n\t<meta name=\"twitter:data1\" content=\"3 minutes\" \/>\n<script type=\"application\/ld+json\" class=\"yoast-schema-graph\">{\"@context\":\"https:\/\/schema.org\",\"@graph\":[{\"@type\":\"WebPage\",\"@id\":\"https:\/\/www.jftcomunicacion.es\/en\/politica-de-cookies\/\",\"url\":\"https:\/\/www.jftcomunicacion.es\/en\/politica-de-cookies\/\",\"name\":\"Pol\u00edtica de Cookies - Agencia de Publicidad JFT Comunicaci\u00f3n\",\"isPartOf\":{\"@id\":\"https:\/\/www.jftcomunicacion.es\/en\/#website\"},\"datePublished\":\"2020-01-26T18:45:35+00:00\",\"dateModified\":\"2022-09-22T01:15:59+00:00\",\"breadcrumb\":{\"@id\":\"https:\/\/www.jftcomunicacion.es\/en\/politica-de-cookies\/#breadcrumb\"},\"inLanguage\":\"en-US\",\"potentialAction\":[{\"@type\":\"ReadAction\",\"target\":[\"https:\/\/www.jftcomunicacion.es\/en\/politica-de-cookies\/\"]}]},{\"@type\":\"BreadcrumbList\",\"@id\":\"https:\/\/www.jftcomunicacion.es\/en\/politica-de-cookies\/#breadcrumb\",\"itemListElement\":[{\"@type\":\"ListItem\",\"position\":1,\"name\":\"Portada\",\"item\":\"https:\/\/www.jftcomunicacion.es\/en\/\"},{\"@type\":\"ListItem\",\"position\":2,\"name\":\"Pol\u00edtica de Cookies\"}]},{\"@type\":\"WebSite\",\"@id\":\"https:\/\/www.jftcomunicacion.es\/en\/#website\",\"url\":\"https:\/\/www.jftcomunicacion.es\/en\/\",\"name\":\"JFT Comunicaci\u00f3n\",\"description\":\"Agencia de Publicidad y Marketing Digital\",\"publisher\":{\"@id\":\"https:\/\/www.jftcomunicacion.es\/en\/#organization\"},\"alternateName\":\"Agencia de Publicidad JFT Comunicaci\u00f3n\",\"potentialAction\":[{\"@type\":\"SearchAction\",\"target\":{\"@type\":\"EntryPoint\",\"urlTemplate\":\"https:\/\/www.jftcomunicacion.es\/en\/?s={search_term_string}\"},\"query-input\":{\"@type\":\"PropertyValueSpecification\",\"valueRequired\":true,\"valueName\":\"search_term_string\"}}],\"inLanguage\":\"en-US\"},{\"@type\":\"Organization\",\"@id\":\"https:\/\/www.jftcomunicacion.es\/en\/#organization\",\"name\":\"JFT Comunicaci\u00f3n\",\"alternateName\":\"Agencia de Publicidad en Canarias\",\"url\":\"https:\/\/www.jftcomunicacion.es\/en\/\",\"logo\":{\"@type\":\"ImageObject\",\"inLanguage\":\"en-US\",\"@id\":\"https:\/\/www.jftcomunicacion.es\/en\/#\/schema\/logo\/image\/\",\"url\":\"https:\/\/www.jftcomunicacion.es\/wp-content\/uploads\/2019\/12\/logo_jftcomunicacion-e1577624338378.png\",\"contentUrl\":\"https:\/\/www.jftcomunicacion.es\/wp-content\/uploads\/2019\/12\/logo_jftcomunicacion-e1577624338378.png\",\"width\":280,\"height\":168,\"caption\":\"JFT Comunicaci\u00f3n\"},\"image\":{\"@id\":\"https:\/\/www.jftcomunicacion.es\/en\/#\/schema\/logo\/image\/\"},\"sameAs\":[\"https:\/\/www.facebook.com\/JFTComunicacion\",\"https:\/\/www.instagram.com\/jftcomunicacion\/\",\"https:\/\/www.linkedin.com\/company\/jft-comunicacin\/\"]}]}<\/script>\n<!-- \/ Yoast SEO plugin. -->","yoast_head_json":{"title":"Pol\u00edtica de Cookies - Agencia de Publicidad JFT Comunicaci\u00f3n","robots":{"index":"noindex","follow":"nofollow"},"og_locale":"en_US","og_type":"article","og_title":"Pol\u00edtica de Cookies - Agencia de Publicidad JFT Comunicaci\u00f3n","og_description":"Definici\u00f3n y funci\u00f3n de las cookies \u00bfQu\u00e9 son las cookies? Una cookie es un fichero que se descarga...","og_url":"https:\/\/www.jftcomunicacion.es\/en\/politica-de-cookies\/","og_site_name":"Agencia de Publicidad JFT Comunicaci\u00f3n","article_publisher":"https:\/\/www.facebook.com\/JFTComunicacion","article_modified_time":"2022-09-22T01:15:59+00:00","og_image":[{"width":280,"height":168,"url":"https:\/\/www.jftcomunicacion.es\/wp-content\/uploads\/2019\/12\/logo_jftcomunicacion-e1577624338378.png","type":"image\/png"}],"twitter_card":"summary_large_image","twitter_misc":{"Est. reading time":"3 minutes"},"schema":{"@context":"https:\/\/schema.org","@graph":[{"@type":"WebPage","@id":"https:\/\/www.jftcomunicacion.es\/en\/politica-de-cookies\/","url":"https:\/\/www.jftcomunicacion.es\/en\/politica-de-cookies\/","name":"Pol\u00edtica de Cookies - Agencia de Publicidad JFT Comunicaci\u00f3n","isPartOf":{"@id":"https:\/\/www.jftcomunicacion.es\/en\/#website"},"datePublished":"2020-01-26T18:45:35+00:00","dateModified":"2022-09-22T01:15:59+00:00","breadcrumb":{"@id":"https:\/\/www.jftcomunicacion.es\/en\/politica-de-cookies\/#breadcrumb"},"inLanguage":"en-US","potentialAction":[{"@type":"ReadAction","target":["https:\/\/www.jftcomunicacion.es\/en\/politica-de-cookies\/"]}]},{"@type":"BreadcrumbList","@id":"https:\/\/www.jftcomunicacion.es\/en\/politica-de-cookies\/#breadcrumb","itemListElement":[{"@type":"ListItem","position":1,"name":"Portada","item":"https:\/\/www.jftcomunicacion.es\/en\/"},{"@type":"ListItem","position":2,"name":"Pol\u00edtica de Cookies"}]},{"@type":"WebSite","@id":"https:\/\/www.jftcomunicacion.es\/en\/#website","url":"https:\/\/www.jftcomunicacion.es\/en\/","name":"JFT Comunicaci\u00f3n","description":"Agencia de Publicidad y Marketing Digital","publisher":{"@id":"https:\/\/www.jftcomunicacion.es\/en\/#organization"},"alternateName":"Agencia de Publicidad JFT Comunicaci\u00f3n","potentialAction":[{"@type":"SearchAction","target":{"@type":"EntryPoint","urlTemplate":"https:\/\/www.jftcomunicacion.es\/en\/?s={search_term_string}"},"query-input":{"@type":"PropertyValueSpecification","valueRequired":true,"valueName":"search_term_string"}}],"inLanguage":"en-US"},{"@type":"Organization","@id":"https:\/\/www.jftcomunicacion.es\/en\/#organization","name":"JFT Comunicaci\u00f3n","alternateName":"Agencia de Publicidad en Canarias","url":"https:\/\/www.jftcomunicacion.es\/en\/","logo":{"@type":"ImageObject","inLanguage":"en-US","@id":"https:\/\/www.jftcomunicacion.es\/en\/#\/schema\/logo\/image\/","url":"https:\/\/www.jftcomunicacion.es\/wp-content\/uploads\/2019\/12\/logo_jftcomunicacion-e1577624338378.png","contentUrl":"https:\/\/www.jftcomunicacion.es\/wp-content\/uploads\/2019\/12\/logo_jftcomunicacion-e1577624338378.png","width":280,"height":168,"caption":"JFT Comunicaci\u00f3n"},"image":{"@id":"https:\/\/www.jftcomunicacion.es\/en\/#\/schema\/logo\/image\/"},"sameAs":["https:\/\/www.facebook.com\/JFTComunicacion","https:\/\/www.instagram.com\/jftcomunicacion\/","https:\/\/www.linkedin.com\/company\/jft-comunicacin\/"]}]}},"_links":{"self":[{"href":"https:\/\/www.jftcomunicacion.es\/en\/wp-json\/wp\/v2\/pages\/1351","targetHints":{"allow":["GET"]}}],"collection":[{"href":"https:\/\/www.jftcomunicacion.es\/en\/wp-json\/wp\/v2\/pages"}],"about":[{"href":"https:\/\/www.jftcomunicacion.es\/en\/wp-json\/wp\/v2\/types\/page"}],"author":[{"embeddable":true,"href":"https:\/\/www.jftcomunicacion.es\/en\/wp-json\/wp\/v2\/users\/1"}],"replies":[{"embeddable":true,"href":"https:\/\/www.jftcomunicacion.es\/en\/wp-json\/wp\/v2\/comments?post=1351"}],"version-history":[{"count":1,"href":"https:\/\/www.jftcomunicacion.es\/en\/wp-json\/wp\/v2\/pages\/1351\/revisions"}],"predecessor-version":[{"id":1360,"href":"https:\/\/www.jftcomunicacion.es\/en\/wp-json\/wp\/v2\/pages\/1351\/revisions\/1360"}],"wp:attachment":[{"href":"https:\/\/www.jftcomunicacion.es\/en\/wp-json\/wp\/v2\/media?parent=1351"}],"curies":[{"name":"wp","href":"https:\/\/api.w.org\/{rel}","templated":true}]}}